{"id":116,"date":"2021-04-13T15:01:21","date_gmt":"2021-04-13T13:01:21","guid":{"rendered":"https:\/\/2hprojet.com\/?page_id=116"},"modified":"2021-04-13T16:28:14","modified_gmt":"2021-04-13T14:28:14","slug":"systemes-de-caisse-restaurant-zatyoo","status":"publish","type":"page","link":"https:\/\/2hprojet.com\/index.php\/systemes-de-caisse-restaurant-zatyoo\/","title":{"rendered":"Systemes de Caisse Restaurant"},"content":{"rendered":"\n<div class=\"wp-block-media-text alignwide is-stacked-on-mobile\" style=\"grid-template-columns:35% auto\"><figure class=\"wp-block-media-text__media\"><img loading=\"lazy\" decoding=\"async\" width=\"676\" height=\"273\" src=\"https:\/\/2hprojet.com\/wp-content\/uploads\/2021\/04\/logo-zatyoo-distributeur2.jpg\" alt=\"Zatyoo, logiciel de gestion de restaurant-bar tactile\" class=\"wp-image-130 size-full\" srcset=\"https:\/\/2hprojet.com\/wp-content\/uploads\/2021\/04\/logo-zatyoo-distributeur2.jpg 676w, https:\/\/2hprojet.com\/wp-content\/uploads\/2021\/04\/logo-zatyoo-distributeur2-300x121.jpg 300w\" sizes=\"auto, (max-width: 676px) 100vw, 676px\" \/><\/figure><div class=\"wp-block-media-text__content\">\n<p class=\"has-medium-font-size\">Pour la gestion de votre Restaurant, Bar ou Cafeteria, nous pr\u00e9conisons la solution <strong>Zatyoo Touchscreen<\/strong> pour sa simplicit\u00e9, sa fiabilit\u00e9 et son efficacit\u00e9 au quotidien.<\/p>\n<\/div><\/div>\n","protected":false},"excerpt":{"rendered":"<p>Pour la gestion de votre Restaurant, Bar ou Cafeteria, nous pr\u00e9conisons la solution Zatyoo Touchscreen pour sa simplicit\u00e9, sa fiabilit\u00e9 et son efficacit\u00e9 au quotidien.<\/p>\n","protected":false},"author":1,"featured_media":0,"parent":0,"menu_order":0,"comment_status":"closed","ping_status":"closed","template":"","meta":{"footnotes":""},"class_list":["post-116","page","type-page","status-publish","hentry"],"yoast_head":"<!-- This site is optimized with the Yoast SEO plugin v24.9 - https:\/\/yoast.com\/wordpress\/plugins\/seo\/ -->\n<title>2H-Projet pr\u00e9conise le logiciel de gestion restaurant Zatyoo<\/title>\n<meta name=\"description\" content=\"Le logiciel restaurant Zatyoo est la solution la plus fiable et \u00e9conomique pour r\u00e9soudre votre besoin de gestion au quotidien. Demo gratuite.\" \/>\n<meta name=\"robots\" content=\"index, follow, max-snippet:-1, max-image-preview:large, max-video-preview:-1\" \/>\n<link rel=\"canonical\" href=\"https:\/\/2hprojet.com\/index.php\/systemes-de-caisse-restaurant-zatyoo\/\" \/>\n<meta property=\"og:locale\" content=\"fr_FR\" \/>\n<meta property=\"og:type\" content=\"article\" \/>\n<meta property=\"og:title\" content=\"2H-Projet pr\u00e9conise le logiciel de gestion restaurant Zatyoo\" \/>\n<meta property=\"og:description\" content=\"Le logiciel restaurant Zatyoo est la solution la plus fiable et \u00e9conomique pour r\u00e9soudre votre besoin de gestion au quotidien. Demo gratuite.\" \/>\n<meta property=\"og:url\" content=\"https:\/\/2hprojet.com\/index.php\/systemes-de-caisse-restaurant-zatyoo\/\" \/>\n<meta property=\"og:site_name\" content=\"Solutions Technologiques pour les CHR - Conseil - Logiciel et Formation\" \/>\n<meta property=\"article:modified_time\" content=\"2021-04-13T14:28:14+00:00\" \/>\n<meta property=\"og:image\" content=\"https:\/\/2hprojet.com\/wp-content\/uploads\/2021\/04\/logo-zatyoo-distributeur2.jpg\" \/>\n<meta name=\"twitter:card\" content=\"summary_large_image\" \/>\n<meta name=\"twitter:label1\" content=\"Dur\u00e9e de lecture estim\u00e9e\" \/>\n\t<meta name=\"twitter:data1\" content=\"1 minute\" \/>\n<script type=\"application\/ld+json\" class=\"yoast-schema-graph\">{\"@context\":\"https:\/\/schema.org\",\"@graph\":[{\"@type\":\"WebPage\",\"@id\":\"https:\/\/2hprojet.com\/index.php\/systemes-de-caisse-restaurant-zatyoo\/\",\"url\":\"https:\/\/2hprojet.com\/index.php\/systemes-de-caisse-restaurant-zatyoo\/\",\"name\":\"2H-Projet pr\u00e9conise le logiciel de gestion restaurant Zatyoo\",\"isPartOf\":{\"@id\":\"https:\/\/2hprojet.com\/#website\"},\"primaryImageOfPage\":{\"@id\":\"https:\/\/2hprojet.com\/index.php\/systemes-de-caisse-restaurant-zatyoo\/#primaryimage\"},\"image\":{\"@id\":\"https:\/\/2hprojet.com\/index.php\/systemes-de-caisse-restaurant-zatyoo\/#primaryimage\"},\"thumbnailUrl\":\"https:\/\/2hprojet.com\/wp-content\/uploads\/2021\/04\/logo-zatyoo-distributeur2.jpg\",\"datePublished\":\"2021-04-13T13:01:21+00:00\",\"dateModified\":\"2021-04-13T14:28:14+00:00\",\"description\":\"Le logiciel restaurant Zatyoo est la solution la plus fiable et \u00e9conomique pour r\u00e9soudre votre besoin de gestion au quotidien. Demo gratuite.\",\"breadcrumb\":{\"@id\":\"https:\/\/2hprojet.com\/index.php\/systemes-de-caisse-restaurant-zatyoo\/#breadcrumb\"},\"inLanguage\":\"fr-FR\",\"potentialAction\":[{\"@type\":\"ReadAction\",\"target\":[\"https:\/\/2hprojet.com\/index.php\/systemes-de-caisse-restaurant-zatyoo\/\"]}]},{\"@type\":\"ImageObject\",\"inLanguage\":\"fr-FR\",\"@id\":\"https:\/\/2hprojet.com\/index.php\/systemes-de-caisse-restaurant-zatyoo\/#primaryimage\",\"url\":\"https:\/\/2hprojet.com\/wp-content\/uploads\/2021\/04\/logo-zatyoo-distributeur2.jpg\",\"contentUrl\":\"https:\/\/2hprojet.com\/wp-content\/uploads\/2021\/04\/logo-zatyoo-distributeur2.jpg\",\"width\":676,\"height\":273},{\"@type\":\"BreadcrumbList\",\"@id\":\"https:\/\/2hprojet.com\/index.php\/systemes-de-caisse-restaurant-zatyoo\/#breadcrumb\",\"itemListElement\":[{\"@type\":\"ListItem\",\"position\":1,\"name\":\"Accueil\",\"item\":\"https:\/\/2hprojet.com\/\"},{\"@type\":\"ListItem\",\"position\":2,\"name\":\"Systemes de Caisse Restaurant\"}]},{\"@type\":\"WebSite\",\"@id\":\"https:\/\/2hprojet.com\/#website\",\"url\":\"https:\/\/2hprojet.com\/\",\"name\":\"Solutions Technologiques pour les CHR - Conseil - Logiciel et Formation\",\"description\":\"Artisan de votre projet num\u00e9rique\",\"publisher\":{\"@id\":\"https:\/\/2hprojet.com\/#organization\"},\"potentialAction\":[{\"@type\":\"SearchAction\",\"target\":{\"@type\":\"EntryPoint\",\"urlTemplate\":\"https:\/\/2hprojet.com\/?s={search_term_string}\"},\"query-input\":{\"@type\":\"PropertyValueSpecification\",\"valueRequired\":true,\"valueName\":\"search_term_string\"}}],\"inLanguage\":\"fr-FR\"},{\"@type\":\"Organization\",\"@id\":\"https:\/\/2hprojet.com\/#organization\",\"name\":\"Solutions Technologiques pour les CHR - Conseil - Logiciel et Formation\",\"url\":\"https:\/\/2hprojet.com\/\",\"logo\":{\"@type\":\"ImageObject\",\"inLanguage\":\"fr-FR\",\"@id\":\"https:\/\/2hprojet.com\/#\/schema\/logo\/image\/\",\"url\":\"https:\/\/2hprojet.com\/wp-content\/uploads\/2021\/04\/logiciel-de-gestion-pour-hotel-et-restaurant.png\",\"contentUrl\":\"https:\/\/2hprojet.com\/wp-content\/uploads\/2021\/04\/logiciel-de-gestion-pour-hotel-et-restaurant.png\",\"width\":600,\"height\":250,\"caption\":\"Solutions Technologiques pour les CHR - Conseil - Logiciel et Formation\"},\"image\":{\"@id\":\"https:\/\/2hprojet.com\/#\/schema\/logo\/image\/\"}}]}<\/script>\n<!-- \/ Yoast SEO plugin. -->","yoast_head_json":{"title":"2H-Projet pr\u00e9conise le logiciel de gestion restaurant Zatyoo","description":"Le logiciel restaurant Zatyoo est la solution la plus fiable et \u00e9conomique pour r\u00e9soudre votre besoin de gestion au quotidien. Demo gratuite.","robots":{"index":"index","follow":"follow","max-snippet":"max-snippet:-1","max-image-preview":"max-image-preview:large","max-video-preview":"max-video-preview:-1"},"canonical":"https:\/\/2hprojet.com\/index.php\/systemes-de-caisse-restaurant-zatyoo\/","og_locale":"fr_FR","og_type":"article","og_title":"2H-Projet pr\u00e9conise le logiciel de gestion restaurant Zatyoo","og_description":"Le logiciel restaurant Zatyoo est la solution la plus fiable et \u00e9conomique pour r\u00e9soudre votre besoin de gestion au quotidien. Demo gratuite.","og_url":"https:\/\/2hprojet.com\/index.php\/systemes-de-caisse-restaurant-zatyoo\/","og_site_name":"Solutions Technologiques pour les CHR - Conseil - Logiciel et Formation","article_modified_time":"2021-04-13T14:28:14+00:00","og_image":[{"url":"https:\/\/2hprojet.com\/wp-content\/uploads\/2021\/04\/logo-zatyoo-distributeur2.jpg","type":"","width":"","height":""}],"twitter_card":"summary_large_image","twitter_misc":{"Dur\u00e9e de lecture estim\u00e9e":"1 minute"},"schema":{"@context":"https:\/\/schema.org","@graph":[{"@type":"WebPage","@id":"https:\/\/2hprojet.com\/index.php\/systemes-de-caisse-restaurant-zatyoo\/","url":"https:\/\/2hprojet.com\/index.php\/systemes-de-caisse-restaurant-zatyoo\/","name":"2H-Projet pr\u00e9conise le logiciel de gestion restaurant Zatyoo","isPartOf":{"@id":"https:\/\/2hprojet.com\/#website"},"primaryImageOfPage":{"@id":"https:\/\/2hprojet.com\/index.php\/systemes-de-caisse-restaurant-zatyoo\/#primaryimage"},"image":{"@id":"https:\/\/2hprojet.com\/index.php\/systemes-de-caisse-restaurant-zatyoo\/#primaryimage"},"thumbnailUrl":"https:\/\/2hprojet.com\/wp-content\/uploads\/2021\/04\/logo-zatyoo-distributeur2.jpg","datePublished":"2021-04-13T13:01:21+00:00","dateModified":"2021-04-13T14:28:14+00:00","description":"Le logiciel restaurant Zatyoo est la solution la plus fiable et \u00e9conomique pour r\u00e9soudre votre besoin de gestion au quotidien. Demo gratuite.","breadcrumb":{"@id":"https:\/\/2hprojet.com\/index.php\/systemes-de-caisse-restaurant-zatyoo\/#breadcrumb"},"inLanguage":"fr-FR","potentialAction":[{"@type":"ReadAction","target":["https:\/\/2hprojet.com\/index.php\/systemes-de-caisse-restaurant-zatyoo\/"]}]},{"@type":"ImageObject","inLanguage":"fr-FR","@id":"https:\/\/2hprojet.com\/index.php\/systemes-de-caisse-restaurant-zatyoo\/#primaryimage","url":"https:\/\/2hprojet.com\/wp-content\/uploads\/2021\/04\/logo-zatyoo-distributeur2.jpg","contentUrl":"https:\/\/2hprojet.com\/wp-content\/uploads\/2021\/04\/logo-zatyoo-distributeur2.jpg","width":676,"height":273},{"@type":"BreadcrumbList","@id":"https:\/\/2hprojet.com\/index.php\/systemes-de-caisse-restaurant-zatyoo\/#breadcrumb","itemListElement":[{"@type":"ListItem","position":1,"name":"Accueil","item":"https:\/\/2hprojet.com\/"},{"@type":"ListItem","position":2,"name":"Systemes de Caisse Restaurant"}]},{"@type":"WebSite","@id":"https:\/\/2hprojet.com\/#website","url":"https:\/\/2hprojet.com\/","name":"Solutions Technologiques pour les CHR - Conseil - Logiciel et Formation","description":"Artisan de votre projet num\u00e9rique","publisher":{"@id":"https:\/\/2hprojet.com\/#organization"},"potentialAction":[{"@type":"SearchAction","target":{"@type":"EntryPoint","urlTemplate":"https:\/\/2hprojet.com\/?s={search_term_string}"},"query-input":{"@type":"PropertyValueSpecification","valueRequired":true,"valueName":"search_term_string"}}],"inLanguage":"fr-FR"},{"@type":"Organization","@id":"https:\/\/2hprojet.com\/#organization","name":"Solutions Technologiques pour les CHR - Conseil - Logiciel et Formation","url":"https:\/\/2hprojet.com\/","logo":{"@type":"ImageObject","inLanguage":"fr-FR","@id":"https:\/\/2hprojet.com\/#\/schema\/logo\/image\/","url":"https:\/\/2hprojet.com\/wp-content\/uploads\/2021\/04\/logiciel-de-gestion-pour-hotel-et-restaurant.png","contentUrl":"https:\/\/2hprojet.com\/wp-content\/uploads\/2021\/04\/logiciel-de-gestion-pour-hotel-et-restaurant.png","width":600,"height":250,"caption":"Solutions Technologiques pour les CHR - Conseil - Logiciel et Formation"},"image":{"@id":"https:\/\/2hprojet.com\/#\/schema\/logo\/image\/"}}]}},"_links":{"self":[{"href":"https:\/\/2hprojet.com\/index.php\/wp-json\/wp\/v2\/pages\/116","targetHints":{"allow":["GET"]}}],"collection":[{"href":"https:\/\/2hprojet.com\/index.php\/wp-json\/wp\/v2\/pages"}],"about":[{"href":"https:\/\/2hprojet.com\/index.php\/wp-json\/wp\/v2\/types\/page"}],"author":[{"embeddable":true,"href":"https:\/\/2hprojet.com\/index.php\/wp-json\/wp\/v2\/users\/1"}],"replies":[{"embeddable":true,"href":"https:\/\/2hprojet.com\/index.php\/wp-json\/wp\/v2\/comments?post=116"}],"version-history":[{"count":13,"href":"https:\/\/2hprojet.com\/index.php\/wp-json\/wp\/v2\/pages\/116\/revisions"}],"predecessor-version":[{"id":151,"href":"https:\/\/2hprojet.com\/index.php\/wp-json\/wp\/v2\/pages\/116\/revisions\/151"}],"wp:attachment":[{"href":"https:\/\/2hprojet.com\/index.php\/wp-json\/wp\/v2\/media?parent=116"}],"curies":[{"name":"wp","href":"https:\/\/api.w.org\/{rel}","templated":true}]}}