{"id":184,"date":"2021-04-14T09:26:15","date_gmt":"2021-04-14T07:26:15","guid":{"rendered":"https:\/\/2hprojet.com\/?page_id=184"},"modified":"2023-01-03T17:15:36","modified_gmt":"2023-01-03T16:15:36","slug":"mentions-legales","status":"publish","type":"page","link":"https:\/\/2hprojet.com\/index.php\/mentions-legales\/","title":{"rendered":"Mentions l\u00e9gales"},"content":{"rendered":"\n<p>\u201cTout site Internet doit permettre d\u2019identifier son responsable et son h\u00e9bergeur, en application de la loi pour la confiance dans l&rsquo;\u00e9conomie num\u00e9rique du 21 juin 2004.\u201d Source :&nbsp;<a href=\"https:\/\/www.cnil.fr\/\">CNIL.fr<\/a><\/p>\n\n\n\n<ul class=\"wp-block-list\">\n<li>Propri\u00e9taire :<strong> Herv\u00e9 HUGUES &#8211; <\/strong> Auto Entreprise 2H-Projet &#8211; SIRET : 89222503800017 \u2013 NAF : 7112B<br>173, chemin de la poterie &#8211; 83600 &#8211; Les Adrets de l&rsquo;Esterel &#8211; France<br>T\u00e9l : 07.83.48.09.31 &#8211; Email : contact@2hprojet.com<\/li>\n<\/ul>\n\n\n\n<ul class=\"wp-block-list\">\n<li>\u00c9diteurs :Responsable publication : Herv\u00e9 Hugues&nbsp;<em>(personne physique)<\/em><br>Webmaster : Herv\u00e9 Hugues&nbsp;<em>(personne physique)<\/em><br>H\u00e9bergement :<strong>OVH<\/strong>  &#8211; 2 rue Kellermann &#8211; 59100 ROUBAIX &#8211; FRANCE<\/li>\n<\/ul>\n","protected":false},"excerpt":{"rendered":"<p>\u201cTout site Internet doit permettre d\u2019identifier son responsable et son h\u00e9bergeur, en application de la loi pour la confiance dans l&rsquo;\u00e9conomie num\u00e9rique du 21 juin 2004.\u201d Source :&nbsp;CNIL.fr<\/p>\n","protected":false},"author":1,"featured_media":0,"parent":0,"menu_order":0,"comment_status":"closed","ping_status":"closed","template":"","meta":{"footnotes":""},"class_list":["post-184","page","type-page","status-publish","hentry"],"yoast_head":"<!-- This site is optimized with the Yoast SEO plugin v24.9 - https:\/\/yoast.com\/wordpress\/plugins\/seo\/ -->\n<title>Mentions l\u00e9gales - Solutions Technologiques pour les CHR - Conseil - Logiciel et Formation<\/title>\n<meta name=\"robots\" content=\"index, follow, max-snippet:-1, max-image-preview:large, max-video-preview:-1\" \/>\n<link rel=\"canonical\" href=\"https:\/\/2hprojet.com\/index.php\/mentions-legales\/\" \/>\n<meta property=\"og:locale\" content=\"fr_FR\" \/>\n<meta property=\"og:type\" content=\"article\" \/>\n<meta property=\"og:title\" content=\"Mentions l\u00e9gales - Solutions Technologiques pour les CHR - Conseil - Logiciel et Formation\" \/>\n<meta property=\"og:description\" content=\"\u201cTout site Internet doit permettre d\u2019identifier son responsable et son h\u00e9bergeur, en application de la loi pour la confiance dans l&rsquo;\u00e9conomie num\u00e9rique du 21 juin 2004.\u201d Source :&nbsp;CNIL.fr\" \/>\n<meta property=\"og:url\" content=\"https:\/\/2hprojet.com\/index.php\/mentions-legales\/\" \/>\n<meta property=\"og:site_name\" content=\"Solutions Technologiques pour les CHR - Conseil - Logiciel et Formation\" \/>\n<meta property=\"article:modified_time\" content=\"2023-01-03T16:15:36+00:00\" \/>\n<meta name=\"twitter:card\" content=\"summary_large_image\" \/>\n<meta name=\"twitter:label1\" content=\"Dur\u00e9e de lecture estim\u00e9e\" \/>\n\t<meta name=\"twitter:data1\" content=\"1 minute\" \/>\n<script type=\"application\/ld+json\" class=\"yoast-schema-graph\">{\"@context\":\"https:\/\/schema.org\",\"@graph\":[{\"@type\":\"WebPage\",\"@id\":\"https:\/\/2hprojet.com\/index.php\/mentions-legales\/\",\"url\":\"https:\/\/2hprojet.com\/index.php\/mentions-legales\/\",\"name\":\"Mentions l\u00e9gales - Solutions Technologiques pour les CHR - Conseil - Logiciel et Formation\",\"isPartOf\":{\"@id\":\"https:\/\/2hprojet.com\/#website\"},\"datePublished\":\"2021-04-14T07:26:15+00:00\",\"dateModified\":\"2023-01-03T16:15:36+00:00\",\"breadcrumb\":{\"@id\":\"https:\/\/2hprojet.com\/index.php\/mentions-legales\/#breadcrumb\"},\"inLanguage\":\"fr-FR\",\"potentialAction\":[{\"@type\":\"ReadAction\",\"target\":[\"https:\/\/2hprojet.com\/index.php\/mentions-legales\/\"]}]},{\"@type\":\"BreadcrumbList\",\"@id\":\"https:\/\/2hprojet.com\/index.php\/mentions-legales\/#breadcrumb\",\"itemListElement\":[{\"@type\":\"ListItem\",\"position\":1,\"name\":\"Accueil\",\"item\":\"https:\/\/2hprojet.com\/\"},{\"@type\":\"ListItem\",\"position\":2,\"name\":\"Mentions l\u00e9gales\"}]},{\"@type\":\"WebSite\",\"@id\":\"https:\/\/2hprojet.com\/#website\",\"url\":\"https:\/\/2hprojet.com\/\",\"name\":\"Solutions Technologiques pour les CHR - Conseil - Logiciel et Formation\",\"description\":\"Artisan de votre projet num\u00e9rique\",\"publisher\":{\"@id\":\"https:\/\/2hprojet.com\/#organization\"},\"potentialAction\":[{\"@type\":\"SearchAction\",\"target\":{\"@type\":\"EntryPoint\",\"urlTemplate\":\"https:\/\/2hprojet.com\/?s={search_term_string}\"},\"query-input\":{\"@type\":\"PropertyValueSpecification\",\"valueRequired\":true,\"valueName\":\"search_term_string\"}}],\"inLanguage\":\"fr-FR\"},{\"@type\":\"Organization\",\"@id\":\"https:\/\/2hprojet.com\/#organization\",\"name\":\"Solutions Technologiques pour les CHR - Conseil - Logiciel et Formation\",\"url\":\"https:\/\/2hprojet.com\/\",\"logo\":{\"@type\":\"ImageObject\",\"inLanguage\":\"fr-FR\",\"@id\":\"https:\/\/2hprojet.com\/#\/schema\/logo\/image\/\",\"url\":\"https:\/\/2hprojet.com\/wp-content\/uploads\/2021\/04\/logiciel-de-gestion-pour-hotel-et-restaurant.png\",\"contentUrl\":\"https:\/\/2hprojet.com\/wp-content\/uploads\/2021\/04\/logiciel-de-gestion-pour-hotel-et-restaurant.png\",\"width\":600,\"height\":250,\"caption\":\"Solutions Technologiques pour les CHR - Conseil - Logiciel et Formation\"},\"image\":{\"@id\":\"https:\/\/2hprojet.com\/#\/schema\/logo\/image\/\"}}]}<\/script>\n<!-- \/ Yoast SEO plugin. -->","yoast_head_json":{"title":"Mentions l\u00e9gales - Solutions Technologiques pour les CHR - Conseil - Logiciel et Formation","robots":{"index":"index","follow":"follow","max-snippet":"max-snippet:-1","max-image-preview":"max-image-preview:large","max-video-preview":"max-video-preview:-1"},"canonical":"https:\/\/2hprojet.com\/index.php\/mentions-legales\/","og_locale":"fr_FR","og_type":"article","og_title":"Mentions l\u00e9gales - Solutions Technologiques pour les CHR - Conseil - Logiciel et Formation","og_description":"\u201cTout site Internet doit permettre d\u2019identifier son responsable et son h\u00e9bergeur, en application de la loi pour la confiance dans l&rsquo;\u00e9conomie num\u00e9rique du 21 juin 2004.\u201d Source :&nbsp;CNIL.fr","og_url":"https:\/\/2hprojet.com\/index.php\/mentions-legales\/","og_site_name":"Solutions Technologiques pour les CHR - Conseil - Logiciel et Formation","article_modified_time":"2023-01-03T16:15:36+00:00","twitter_card":"summary_large_image","twitter_misc":{"Dur\u00e9e de lecture estim\u00e9e":"1 minute"},"schema":{"@context":"https:\/\/schema.org","@graph":[{"@type":"WebPage","@id":"https:\/\/2hprojet.com\/index.php\/mentions-legales\/","url":"https:\/\/2hprojet.com\/index.php\/mentions-legales\/","name":"Mentions l\u00e9gales - Solutions Technologiques pour les CHR - Conseil - Logiciel et Formation","isPartOf":{"@id":"https:\/\/2hprojet.com\/#website"},"datePublished":"2021-04-14T07:26:15+00:00","dateModified":"2023-01-03T16:15:36+00:00","breadcrumb":{"@id":"https:\/\/2hprojet.com\/index.php\/mentions-legales\/#breadcrumb"},"inLanguage":"fr-FR","potentialAction":[{"@type":"ReadAction","target":["https:\/\/2hprojet.com\/index.php\/mentions-legales\/"]}]},{"@type":"BreadcrumbList","@id":"https:\/\/2hprojet.com\/index.php\/mentions-legales\/#breadcrumb","itemListElement":[{"@type":"ListItem","position":1,"name":"Accueil","item":"https:\/\/2hprojet.com\/"},{"@type":"ListItem","position":2,"name":"Mentions l\u00e9gales"}]},{"@type":"WebSite","@id":"https:\/\/2hprojet.com\/#website","url":"https:\/\/2hprojet.com\/","name":"Solutions Technologiques pour les CHR - Conseil - Logiciel et Formation","description":"Artisan de votre projet num\u00e9rique","publisher":{"@id":"https:\/\/2hprojet.com\/#organization"},"potentialAction":[{"@type":"SearchAction","target":{"@type":"EntryPoint","urlTemplate":"https:\/\/2hprojet.com\/?s={search_term_string}"},"query-input":{"@type":"PropertyValueSpecification","valueRequired":true,"valueName":"search_term_string"}}],"inLanguage":"fr-FR"},{"@type":"Organization","@id":"https:\/\/2hprojet.com\/#organization","name":"Solutions Technologiques pour les CHR - Conseil - Logiciel et Formation","url":"https:\/\/2hprojet.com\/","logo":{"@type":"ImageObject","inLanguage":"fr-FR","@id":"https:\/\/2hprojet.com\/#\/schema\/logo\/image\/","url":"https:\/\/2hprojet.com\/wp-content\/uploads\/2021\/04\/logiciel-de-gestion-pour-hotel-et-restaurant.png","contentUrl":"https:\/\/2hprojet.com\/wp-content\/uploads\/2021\/04\/logiciel-de-gestion-pour-hotel-et-restaurant.png","width":600,"height":250,"caption":"Solutions Technologiques pour les CHR - Conseil - Logiciel et Formation"},"image":{"@id":"https:\/\/2hprojet.com\/#\/schema\/logo\/image\/"}}]}},"_links":{"self":[{"href":"https:\/\/2hprojet.com\/index.php\/wp-json\/wp\/v2\/pages\/184","targetHints":{"allow":["GET"]}}],"collection":[{"href":"https:\/\/2hprojet.com\/index.php\/wp-json\/wp\/v2\/pages"}],"about":[{"href":"https:\/\/2hprojet.com\/index.php\/wp-json\/wp\/v2\/types\/page"}],"author":[{"embeddable":true,"href":"https:\/\/2hprojet.com\/index.php\/wp-json\/wp\/v2\/users\/1"}],"replies":[{"embeddable":true,"href":"https:\/\/2hprojet.com\/index.php\/wp-json\/wp\/v2\/comments?post=184"}],"version-history":[{"count":6,"href":"https:\/\/2hprojet.com\/index.php\/wp-json\/wp\/v2\/pages\/184\/revisions"}],"predecessor-version":[{"id":377,"href":"https:\/\/2hprojet.com\/index.php\/wp-json\/wp\/v2\/pages\/184\/revisions\/377"}],"wp:attachment":[{"href":"https:\/\/2hprojet.com\/index.php\/wp-json\/wp\/v2\/media?parent=184"}],"curies":[{"name":"wp","href":"https:\/\/api.w.org\/{rel}","templated":true}]}}