{"id":195,"date":"2021-04-14T09:56:10","date_gmt":"2021-04-14T07:56:10","guid":{"rendered":"https:\/\/2hprojet.com\/?page_id=195"},"modified":"2024-04-09T17:47:44","modified_gmt":"2024-04-09T15:47:44","slug":"outils-et-utilitaires","status":"publish","type":"page","link":"https:\/\/2hprojet.com\/index.php\/outils-et-utilitaires\/","title":{"rendered":"Outils et Utilitaires"},"content":{"rendered":"\n<p>Vous pouvez t\u00e9l\u00e9charger ici des mises \u00e0 jour ou des correctifs de nos diff\u00e9rents produits ainsi que des utilitaires techniques pour la maintenance de votre installation.<br><br><br><\/p>\n\n\n\n<div class=\"wp-block-buttons is-horizontal is-content-justification-center is-layout-flex wp-container-core-buttons-is-layout-499968f5 wp-block-buttons-is-layout-flex\">\n<div class=\"wp-block-button\"><a class=\"wp-block-button__link has-text-color has-background wp-element-button\" href=\"https:\/\/2hprojet.com\/download\/anydesk-win.exe\" style=\"border-radius:2px;color:#fffffa;background-color:#ba0c49\" target=\"_blank\" rel=\"noreferrer noopener\">AnyDesk pour Windows<\/a><\/div>\n\n\n\n<div class=\"wp-block-button is-style-outline is-style-outline--1\"><a class=\"wp-block-button__link has-text-color wp-element-button\" href=\"https:\/\/2hprojet.com\/download\/anydesk-mac.dmg\" style=\"border-radius:2px;color:#ba0c49\" target=\"_blank\" rel=\"noreferrer noopener\">AnyDesk pour Mac<\/a><\/div>\n\n\n\n<div class=\"wp-block-button is-style-fill\"><a class=\"wp-block-button__link wp-element-button\" href=\"https:\/\/2hprojet.com\/download\/anydesk.apk\" target=\"_blank\" rel=\"noreferrer noopener\">AnyDesk pour Android<\/a><\/div>\n<\/div>\n\n\n\n<div class=\"wp-block-buttons is-horizontal is-content-justification-center is-layout-flex wp-container-core-buttons-is-layout-499968f5 wp-block-buttons-is-layout-flex\">\n<div class=\"wp-block-button is-style-outline is-style-outline--2\"><a class=\"wp-block-button__link wp-element-button\" href=\"https:\/\/www.2hprojet.com\/download\/dylog\/HOP_081900\/SetupHop081900.exe\"><strong>Hop 2000 V8.19<\/strong><\/a><\/div>\n\n\n\n<div class=\"wp-block-button\"><a class=\"wp-block-button__link wp-element-button\" href=\"https:\/\/www.2hprojet.com\/download\/dylog\/SQL_EXPRESS_2019\/SSMS-Setup-ENU.exe\">SQL 2019<\/a><\/div>\n<\/div>\n","protected":false},"excerpt":{"rendered":"<p>Vous pouvez t\u00e9l\u00e9charger ici des mises \u00e0 jour ou des correctifs de nos diff\u00e9rents produits ainsi que des utilitaires techniques pour la maintenance de votre installation.<\/p>\n","protected":false},"author":1,"featured_media":0,"parent":0,"menu_order":0,"comment_status":"closed","ping_status":"closed","template":"","meta":{"footnotes":""},"class_list":["post-195","page","type-page","status-publish","hentry"],"yoast_head":"<!-- This site is optimized with the Yoast SEO plugin v24.9 - https:\/\/yoast.com\/wordpress\/plugins\/seo\/ -->\n<title>Outils et Utilitaires - Solutions Technologiques pour les CHR - Conseil - Logiciel et Formation<\/title>\n<meta name=\"description\" content=\"Page de t\u00e9l\u00e9chargement des outils et utilitaires mis a votre disposition par 2H-Projet.\" \/>\n<meta name=\"robots\" content=\"index, follow, max-snippet:-1, max-image-preview:large, max-video-preview:-1\" \/>\n<link rel=\"canonical\" href=\"https:\/\/2hprojet.com\/index.php\/outils-et-utilitaires\/\" \/>\n<meta property=\"og:locale\" content=\"fr_FR\" \/>\n<meta property=\"og:type\" content=\"article\" \/>\n<meta property=\"og:title\" content=\"Outils et Utilitaires - Solutions Technologiques pour les CHR - Conseil - Logiciel et Formation\" \/>\n<meta property=\"og:description\" content=\"Page de t\u00e9l\u00e9chargement des outils et utilitaires mis a votre disposition par 2H-Projet.\" \/>\n<meta property=\"og:url\" content=\"https:\/\/2hprojet.com\/index.php\/outils-et-utilitaires\/\" \/>\n<meta property=\"og:site_name\" content=\"Solutions Technologiques pour les CHR - Conseil - Logiciel et Formation\" \/>\n<meta property=\"article:modified_time\" content=\"2024-04-09T15:47:44+00:00\" \/>\n<meta name=\"twitter:card\" content=\"summary_large_image\" \/>\n<meta name=\"twitter:label1\" content=\"Dur\u00e9e de lecture estim\u00e9e\" \/>\n\t<meta name=\"twitter:data1\" content=\"1 minute\" \/>\n<script type=\"application\/ld+json\" class=\"yoast-schema-graph\">{\"@context\":\"https:\/\/schema.org\",\"@graph\":[{\"@type\":\"WebPage\",\"@id\":\"https:\/\/2hprojet.com\/index.php\/outils-et-utilitaires\/\",\"url\":\"https:\/\/2hprojet.com\/index.php\/outils-et-utilitaires\/\",\"name\":\"Outils et Utilitaires - Solutions Technologiques pour les CHR - Conseil - Logiciel et Formation\",\"isPartOf\":{\"@id\":\"https:\/\/2hprojet.com\/#website\"},\"datePublished\":\"2021-04-14T07:56:10+00:00\",\"dateModified\":\"2024-04-09T15:47:44+00:00\",\"description\":\"Page de t\u00e9l\u00e9chargement des outils et utilitaires mis a votre disposition par 2H-Projet.\",\"breadcrumb\":{\"@id\":\"https:\/\/2hprojet.com\/index.php\/outils-et-utilitaires\/#breadcrumb\"},\"inLanguage\":\"fr-FR\",\"potentialAction\":[{\"@type\":\"ReadAction\",\"target\":[\"https:\/\/2hprojet.com\/index.php\/outils-et-utilitaires\/\"]}]},{\"@type\":\"BreadcrumbList\",\"@id\":\"https:\/\/2hprojet.com\/index.php\/outils-et-utilitaires\/#breadcrumb\",\"itemListElement\":[{\"@type\":\"ListItem\",\"position\":1,\"name\":\"Accueil\",\"item\":\"https:\/\/2hprojet.com\/\"},{\"@type\":\"ListItem\",\"position\":2,\"name\":\"Outils et Utilitaires\"}]},{\"@type\":\"WebSite\",\"@id\":\"https:\/\/2hprojet.com\/#website\",\"url\":\"https:\/\/2hprojet.com\/\",\"name\":\"Solutions Technologiques pour les CHR - Conseil - Logiciel et Formation\",\"description\":\"Artisan de votre projet num\u00e9rique\",\"publisher\":{\"@id\":\"https:\/\/2hprojet.com\/#organization\"},\"potentialAction\":[{\"@type\":\"SearchAction\",\"target\":{\"@type\":\"EntryPoint\",\"urlTemplate\":\"https:\/\/2hprojet.com\/?s={search_term_string}\"},\"query-input\":{\"@type\":\"PropertyValueSpecification\",\"valueRequired\":true,\"valueName\":\"search_term_string\"}}],\"inLanguage\":\"fr-FR\"},{\"@type\":\"Organization\",\"@id\":\"https:\/\/2hprojet.com\/#organization\",\"name\":\"Solutions Technologiques pour les CHR - Conseil - Logiciel et Formation\",\"url\":\"https:\/\/2hprojet.com\/\",\"logo\":{\"@type\":\"ImageObject\",\"inLanguage\":\"fr-FR\",\"@id\":\"https:\/\/2hprojet.com\/#\/schema\/logo\/image\/\",\"url\":\"https:\/\/2hprojet.com\/wp-content\/uploads\/2021\/04\/logiciel-de-gestion-pour-hotel-et-restaurant.png\",\"contentUrl\":\"https:\/\/2hprojet.com\/wp-content\/uploads\/2021\/04\/logiciel-de-gestion-pour-hotel-et-restaurant.png\",\"width\":600,\"height\":250,\"caption\":\"Solutions Technologiques pour les CHR - Conseil - Logiciel et Formation\"},\"image\":{\"@id\":\"https:\/\/2hprojet.com\/#\/schema\/logo\/image\/\"}}]}<\/script>\n<!-- \/ Yoast SEO plugin. -->","yoast_head_json":{"title":"Outils et Utilitaires - Solutions Technologiques pour les CHR - Conseil - Logiciel et Formation","description":"Page de t\u00e9l\u00e9chargement des outils et utilitaires mis a votre disposition par 2H-Projet.","robots":{"index":"index","follow":"follow","max-snippet":"max-snippet:-1","max-image-preview":"max-image-preview:large","max-video-preview":"max-video-preview:-1"},"canonical":"https:\/\/2hprojet.com\/index.php\/outils-et-utilitaires\/","og_locale":"fr_FR","og_type":"article","og_title":"Outils et Utilitaires - Solutions Technologiques pour les CHR - Conseil - Logiciel et Formation","og_description":"Page de t\u00e9l\u00e9chargement des outils et utilitaires mis a votre disposition par 2H-Projet.","og_url":"https:\/\/2hprojet.com\/index.php\/outils-et-utilitaires\/","og_site_name":"Solutions Technologiques pour les CHR - Conseil - Logiciel et Formation","article_modified_time":"2024-04-09T15:47:44+00:00","twitter_card":"summary_large_image","twitter_misc":{"Dur\u00e9e de lecture estim\u00e9e":"1 minute"},"schema":{"@context":"https:\/\/schema.org","@graph":[{"@type":"WebPage","@id":"https:\/\/2hprojet.com\/index.php\/outils-et-utilitaires\/","url":"https:\/\/2hprojet.com\/index.php\/outils-et-utilitaires\/","name":"Outils et Utilitaires - Solutions Technologiques pour les CHR - Conseil - Logiciel et Formation","isPartOf":{"@id":"https:\/\/2hprojet.com\/#website"},"datePublished":"2021-04-14T07:56:10+00:00","dateModified":"2024-04-09T15:47:44+00:00","description":"Page de t\u00e9l\u00e9chargement des outils et utilitaires mis a votre disposition par 2H-Projet.","breadcrumb":{"@id":"https:\/\/2hprojet.com\/index.php\/outils-et-utilitaires\/#breadcrumb"},"inLanguage":"fr-FR","potentialAction":[{"@type":"ReadAction","target":["https:\/\/2hprojet.com\/index.php\/outils-et-utilitaires\/"]}]},{"@type":"BreadcrumbList","@id":"https:\/\/2hprojet.com\/index.php\/outils-et-utilitaires\/#breadcrumb","itemListElement":[{"@type":"ListItem","position":1,"name":"Accueil","item":"https:\/\/2hprojet.com\/"},{"@type":"ListItem","position":2,"name":"Outils et Utilitaires"}]},{"@type":"WebSite","@id":"https:\/\/2hprojet.com\/#website","url":"https:\/\/2hprojet.com\/","name":"Solutions Technologiques pour les CHR - Conseil - Logiciel et Formation","description":"Artisan de votre projet num\u00e9rique","publisher":{"@id":"https:\/\/2hprojet.com\/#organization"},"potentialAction":[{"@type":"SearchAction","target":{"@type":"EntryPoint","urlTemplate":"https:\/\/2hprojet.com\/?s={search_term_string}"},"query-input":{"@type":"PropertyValueSpecification","valueRequired":true,"valueName":"search_term_string"}}],"inLanguage":"fr-FR"},{"@type":"Organization","@id":"https:\/\/2hprojet.com\/#organization","name":"Solutions Technologiques pour les CHR - Conseil - Logiciel et Formation","url":"https:\/\/2hprojet.com\/","logo":{"@type":"ImageObject","inLanguage":"fr-FR","@id":"https:\/\/2hprojet.com\/#\/schema\/logo\/image\/","url":"https:\/\/2hprojet.com\/wp-content\/uploads\/2021\/04\/logiciel-de-gestion-pour-hotel-et-restaurant.png","contentUrl":"https:\/\/2hprojet.com\/wp-content\/uploads\/2021\/04\/logiciel-de-gestion-pour-hotel-et-restaurant.png","width":600,"height":250,"caption":"Solutions Technologiques pour les CHR - Conseil - Logiciel et Formation"},"image":{"@id":"https:\/\/2hprojet.com\/#\/schema\/logo\/image\/"}}]}},"_links":{"self":[{"href":"https:\/\/2hprojet.com\/index.php\/wp-json\/wp\/v2\/pages\/195","targetHints":{"allow":["GET"]}}],"collection":[{"href":"https:\/\/2hprojet.com\/index.php\/wp-json\/wp\/v2\/pages"}],"about":[{"href":"https:\/\/2hprojet.com\/index.php\/wp-json\/wp\/v2\/types\/page"}],"author":[{"embeddable":true,"href":"https:\/\/2hprojet.com\/index.php\/wp-json\/wp\/v2\/users\/1"}],"replies":[{"embeddable":true,"href":"https:\/\/2hprojet.com\/index.php\/wp-json\/wp\/v2\/comments?post=195"}],"version-history":[{"count":11,"href":"https:\/\/2hprojet.com\/index.php\/wp-json\/wp\/v2\/pages\/195\/revisions"}],"predecessor-version":[{"id":380,"href":"https:\/\/2hprojet.com\/index.php\/wp-json\/wp\/v2\/pages\/195\/revisions\/380"}],"wp:attachment":[{"href":"https:\/\/2hprojet.com\/index.php\/wp-json\/wp\/v2\/media?parent=195"}],"curies":[{"name":"wp","href":"https:\/\/api.w.org\/{rel}","templated":true}]}}